{"id":1590,"date":"2019-09-02T15:10:38","date_gmt":"2019-09-02T15:10:38","guid":{"rendered":"http:\/\/gabi.extendstudio.net\/eco\/?page_id=1590"},"modified":"2025-11-08T16:53:12","modified_gmt":"2025-11-08T16:53:12","slug":"contact","status":"publish","type":"page","link":"https:\/\/generationdeclic.net\/generationdeclic_website\/index.php\/contact\/","title":{"rendered":"Contact"},"content":{"rendered":"<div data-colibri-id=\"1590-c1\" class=\"style-588 style-local-1590-c1 position-relative\">\n  <!---->\n  <div data-colibri-component=\"section\" data-colibri-id=\"1590-c2\" id=\"custom\" class=\"h-section h-section-global-spacing d-flex align-items-lg-center align-items-md-center align-items-center style-958 style-local-1590-c2 position-relative\">\n    <!---->\n    <!---->\n    <div style=\"height: 25px; bottom: calc(0px);\" class=\"h-separator\">\n      <svg style=\"fill:rgb(158, 213, 237);transform:rotateX(180deg);\" xmlns=\"http:\/\/www.w3.org\/2000\/svg\" viewBox=\"0 0 283.5 27.8\" preserveAspectRatio=\"none\">\n        <path class=\"svg-white-bg\" d=\"M283.5,9.7c0,0-7.3,4.3-14,4.6c-6.8,0.3-12.6,0-20.9-1.5c-11.3-2-33.1-10.1-44.7-5.7\ts-12.1,4.6-18,7.4c-6.6,3.2-20,9.6-36.6,9.3C131.6,23.5,99.5,7.2,86.3,8c-1.4,0.1-6.6,0.8-10.5,2c-3.8,1.2-9.4,3.8-17,4.7\tc-3.2,0.4-8.3,1.1-14.2,0.9c-1.5-0.1-6.3-0.4-12-1.6c-5.7-1.2-11-3.1-15.8-3.7C6.5,9.2,0,10.8,0,10.8V0h283.5V9.7z M260.8,11.3\tc-0.7-1-2-0.4-4.3-0.4c-2.3,0-6.1-1.2-5.8-1.1c0.3,0.1,3.1,1.5,6,1.9C259.7,12.2,261.4,12.3,260.8,11.3z M242.4,8.6\tc0,0-2.4-0.2-5.6-0.9c-3.2-0.8-10.3-2.8-15.1-3.5c-8.2-1.1-15.8,0-15.1,0.1c0.8,0.1,9.6-0.6,17.6,1.1c3.3,0.7,9.3,2.2,12.4,2.7\tC239.9,8.7,242.4,8.6,242.4,8.6z M185.2,8.5c1.7-0.7-13.3,4.7-18.5,6.1c-2.1,0.6-6.2,1.6-10,2c-3.9,0.4-8.9,0.4-8.8,0.5\tc0,0.2,5.8,0.8,11.2,0c5.4-0.8,5.2-1.1,7.6-1.6C170.5,14.7,183.5,9.2,185.2,8.5z M199.1,6.9c0.2,0-0.8-0.4-4.8,1.1\tc-4,1.5-6.7,3.5-6.9,3.7c-0.2,0.1,3.5-1.8,6.6-3C197,7.5,199,6.9,199.1,6.9z M283,6c-0.1,0.1-1.9,1.1-4.8,2.5s-6.9,2.8-6.7,2.7\tc0.2,0,3.5-0.6,7.4-2.5C282.8,6.8,283.1,5.9,283,6z M31.3,11.6c0.1-0.2-1.9-0.2-4.5-1.2s-5.4-1.6-7.8-2C15,7.6,7.3,8.5,7.7,8.6\tC8,8.7,15.9,8.3,20.2,9.3c2.2,0.5,2.4,0.5,5.7,1.6S31.2,11.9,31.3,11.6z M73,9.2c0.4-0.1,3.5-1.6,8.4-2.6c4.9-1.1,8.9-0.5,8.9-0.8\tc0-0.3-1-0.9-6.2-0.3S72.6,9.3,73,9.2z M71.6,6.7C71.8,6.8,75,5.4,77.3,5c2.3-0.3,1.9-0.5,1.9-0.6c0-0.1-1.1-0.2-2.7,0.2\tC74.8,5.1,71.4,6.6,71.6,6.7z M93.6,4.4c0.1,0.2,3.5,0.8,5.6,1.8c2.1,1,1.8,0.6,1.9,0.5c0.1-0.1-0.8-0.8-2.4-1.3\tC97.1,4.8,93.5,4.2,93.6,4.4z M65.4,11.1c-0.1,0.3,0.3,0.5,1.9-0.2s2.6-1.3,2.2-1.2s-0.9,0.4-2.5,0.8C65.3,10.9,65.5,10.8,65.4,11.1\tz M34.5,12.4c-0.2,0,2.1,0.8,3.3,0.9c1.2,0.1,2,0.1,2-0.2c0-0.3-0.1-0.5-1.6-0.4C36.6,12.8,34.7,12.4,34.5,12.4z M152.2,21.1\tc-0.1,0.1-2.4-0.3-7.5-0.3c-5,0-13.6-2.4-17.2-3.5c-3.6-1.1,10,3.9,16.5,4.1C150.5,21.6,152.3,21,152.2,21.1z\"><\/path>\n        <path class=\"svg-white-bg\" d=\"M269.6,18c-0.1-0.1-4.6,0.3-7.2,0c-7.3-0.7-17-3.2-16.6-2.9c0.4,0.3,13.7,3.1,17,3.3\tC267.7,18.8,269.7,18,269.6,18z\"><\/path>\n        <path class=\"svg-white-bg\" d=\"M227.4,9.8c-0.2-0.1-4.5-1-9.5-1.2c-5-0.2-12.7,0.6-12.3,0.5c0.3-0.1,5.9-1.8,13.3-1.2\tS227.6,9.9,227.4,9.8z\"><\/path>\n        <path class=\"svg-white-bg\" d=\"M204.5,13.4c-0.1-0.1,2-1,3.2-1.1c1.2-0.1,2,0,2,0.3c0,0.3-0.1,0.5-1.6,0.4\tC206.4,12.9,204.6,13.5,204.5,13.4z\"><\/path>\n        <path class=\"svg-white-bg\" d=\"M201,10.6c0-0.1-4.4,1.2-6.3,2.2c-1.9,0.9-6.2,3.1-6.1,3.1c0.1,0.1,4.2-1.6,6.3-2.6\tS201,10.7,201,10.6z\"><\/path>\n        <path class=\"svg-white-bg\" d=\"M154.5,26.7c-0.1-0.1-4.6,0.3-7.2,0c-7.3-0.7-17-3.2-16.6-2.9c0.4,0.3,13.7,3.1,17,3.3\tC152.6,27.5,154.6,26.8,154.5,26.7z\"><\/path>\n        <path class=\"svg-white-bg\" d=\"M41.9,19.3c0,0,1.2-0.3,2.9-0.1c1.7,0.2,5.8,0.9,8.2,0.7c4.2-0.4,7.4-2.7,7-2.6\tc-0.4,0-4.3,2.2-8.6,1.9c-1.8-0.1-5.1-0.5-6.7-0.4S41.9,19.3,41.9,19.3z\"><\/path>\n        <path class=\"svg-white-bg\" d=\"M75.5,12.6c0.2,0.1,2-0.8,4.3-1.1c2.3-0.2,2.1-0.3,2.1-0.5c0-0.1-1.8-0.4-3.4,0\tC76.9,11.5,75.3,12.5,75.5,12.6z\"><\/path>\n        <path class=\"svg-white-bg\" d=\"M15.6,13.2c0-0.1,4.3,0,6.7,0.5c2.4,0.5,5,1.9,5,2c0,0.1-2.7-0.8-5.1-1.4\tC19.9,13.7,15.7,13.3,15.6,13.2z\"><\/path>\n      <\/svg>\n    <\/div>\n    <div class=\"h-section-grid-container h-section-boxed-container\">\n      <!---->\n      <div data-colibri-id=\"1590-c3\" class=\"h-row-container gutters-row-lg-2 gutters-row-md-2 gutters-row-0 gutters-row-v-lg-2 gutters-row-v-md-2 gutters-row-v-2 style-959 style-local-1590-c3 position-relative\">\n        <!---->\n        <div class=\"h-row justify-content-lg-center justify-content-md-center justify-content-center align-items-lg-stretch align-items-md-stretch align-items-stretch gutters-col-lg-2 gutters-col-md-2 gutters-col-0 gutters-col-v-lg-2 gutters-col-v-md-2 gutters-col-v-2\">\n          <!---->\n          <div class=\"h-column h-column-container d-flex h-col-lg-auto h-col-md-auto h-col-auto style-960-outer style-local-1590-c4-outer\">\n            <div data-colibri-id=\"1590-c4\" class=\"d-flex h-flex-basis h-column__inner h-px-lg-2 h-px-md-2 h-px-2 v-inner-lg-2 v-inner-md-2 v-inner-2 style-960 style-local-1590-c4 position-relative\">\n              <!---->\n              <!---->\n              <div class=\"w-100 h-y-container h-column__content h-column__v-align flex-basis-100 align-self-lg-start align-self-md-start align-self-start\">\n                <!---->\n                <div data-colibri-id=\"1590-c5\" class=\"h-text h-text-component style-961 style-local-1590-c5 position-relative h-element\">\n                  <!---->\n                  <!---->\n                  <div class=\"\">\n                    <p>Chez <strong>GenerationDeclic.NET<\/strong>, nous sommes \u00e0 votre \u00e9coute pour \u00e9changer, vous accompagner ou collaborer.<\/p>\n                    <p>Que vous soyez un particulier, une \u00e9cole, une association ou une entreprise, n\u2019h\u00e9sitez pas \u00e0 nous contacter via ce formulaire.<\/p>\n                    <p>Ensemble, faisons des sciences et du num\u00e9rique un levier d\u2019inclusion, d\u2019\u00e9ducation et d\u2019innovation pour tous.<\/p>\n                  <\/div>\n                <\/div>\n              <\/div>\n            <\/div>\n          <\/div>\n        <\/div>\n      <\/div>\n    <\/div>\n  <\/div>\n  <div data-colibri-component=\"section\" data-colibri-id=\"1590-c10\" id=\"contact-2\" class=\"h-section h-section-global-spacing d-flex align-items-lg-center align-items-md-center align-items-center style-966 style-local-1590-c10 position-relative\">\n    <!---->\n    <!---->\n    <div style=\"height: 180px; bottom: calc(0px);\" class=\"h-separator\">\n      <svg style=\"fill:rgb(0, 166, 237);\" xmlns=\"http:\/\/www.w3.org\/2000\/svg\" viewBox=\"0 0 283.5 27.8\" preserveAspectRatio=\"xMidYMax slice\">\n        <path class=\"svg-white-bg\" d=\"M265.8 3.5c-10.9 0-15.9 6.2-15.9 6.2s-3.6-3.5-9.2-.9c-9.1 4.1-4.4 13.4-4.4 13.4s-1.2.2-1.9.9c-.6.7-.5 1.9-.5 1.9s-1-.5-2.3-.2c-1.3.3-1.6 1.4-1.6 1.4s.4-3.4-1.5-5c-3.9-3.4-8.3-.2-8.3-.2s-.6-.7-.9-.9c-.4-.2-1.2-.2-1.2-.2s-4.4-3.6-11.5-2.6-10.4 7.9-10.4 7.9-.5-3.3-3.9-4.9c-4.8-2.4-7.4 0-7.4 0s2.4-4.1-1.9-6.4-6.2 1.2-6.2 1.2-.9-.5-2.1-.5-2.3 1.1-2.3 1.1.1-.7-1.1-1.1c-1.2-.4-2 0-2 0s3.6-6.8-3.5-8.9c-6-1.8-7.9 2.6-8.4 4-.1-.3-.4-.7-.9-1.1-1-.7-1.3-.5-1.3-.5s1-4-1.7-5.2c-2.7-1.2-4.2 1.1-4.2 1.1s-3.1-1-5.7 1.4-2.1 5.5-2.1 5.5-.9 0-2.1.7-1.4 1.7-1.4 1.7-1.7-1.2-4.3-1.2c-2.6 0-4.5 1.2-4.5 1.2s-.7-1.5-2.8-2.4c-2.1-.9-4 0-4 0s2.6-5.9-4.7-9c-7.3-3.1-12.6 3.3-12.6 3.3s-.9 0-1.9.2c-.9.2-1.5.9-1.5.9S99.4 3 94.9 3.9c-4.5.9-5.7 5.7-5.7 5.7s-2.8-5-12.3-3.9-11.1 6-11.1 6-1.2-1.4-4-.7c-.8.2-1.3.5-1.8.9-.9-2.1-2.7-4.9-6.2-4.4-3.2.4-4 2.2-4 2.2s-.5-.7-1.2-.7h-1.4s-.5-.9-1.7-1.4-2.4 0-2.4 0-2.4-1.2-4.7 0-3.1 4.1-3.1 4.1-1.7-1.4-3.6-.7c-1.9.7-1.9 2.8-1.9 2.8s-.5-.5-1.7-.2c-1.2.2-1.4.7-1.4.7s-.7-2.3-2.8-2.8c-2.1-.5-4.3.2-4.3.2s-1.7-5-11.1-6c-3.8-.4-6.6.2-8.5 1v21.2h283.5V11.1c-.9.2-1.6.4-1.6.4s-5.2-8-16.1-8z\"><\/path>\n      <\/svg>\n    <\/div>\n    <div class=\"h-section-grid-container h-section-boxed-container\">\n      <!---->\n      <div data-colibri-id=\"1590-c11\" class=\"h-row-container gutters-row-lg-2 gutters-row-md-2 gutters-row-2 gutters-row-v-lg-2 gutters-row-v-md-2 gutters-row-v-2 style-967 style-local-1590-c11 position-relative\">\n        <!---->\n        <div class=\"h-row justify-content-lg-center justify-content-md-center justify-content-center align-items-lg-stretch align-items-md-stretch align-items-stretch gutters-col-lg-2 gutters-col-md-2 gutters-col-2 gutters-col-v-lg-2 gutters-col-v-md-2 gutters-col-v-2\">\n          <!---->\n          <div class=\"h-column h-column-container d-flex h-col-lg-auto h-col-md-auto h-col-auto style-968-outer style-local-1590-c12-outer\">\n            <div data-colibri-id=\"1590-c12\" class=\"d-flex h-flex-basis h-column__inner h-px-lg-0 h-px-md-0 h-px-0 v-inner-lg-0 v-inner-md-0 v-inner-0 style-968 style-local-1590-c12 position-relative\">\n              <!---->\n              <!---->\n              <div class=\"w-100 h-y-container h-column__content h-column__v-align flex-basis-100 align-self-lg-start align-self-md-start align-self-start\">\n                <!---->\n                <div data-colibri-id=\"1590-c13\" class=\"h-row-container gutters-row-lg-0 gutters-row-md-0 gutters-row-0 gutters-row-v-lg-0 gutters-row-v-md-0 gutters-row-v-0 style-969 style-local-1590-c13 position-relative\">\n                  <!---->\n                  <div class=\"h-row justify-content-lg-center justify-content-md-center justify-content-center align-items-lg-stretch align-items-md-stretch align-items-stretch gutters-col-lg-0 gutters-col-md-0 gutters-col-0 gutters-col-v-lg-0 gutters-col-v-md-0 gutters-col-v-0\">\n                    <!---->\n                    <div class=\"h-column h-column-container d-flex h-col-lg-auto h-col-md-auto h-col-auto style-970-outer style-local-1590-c14-outer\">\n                      <div data-colibri-id=\"1590-c14\" class=\"d-flex h-flex-basis h-column__inner h-px-lg-0 h-px-md-0 h-px-0 v-inner-lg-0 v-inner-md-0 v-inner-0 style-970 style-local-1590-c14 position-relative\">\n                        <!---->\n                        <!---->\n                        <div class=\"w-100 h-y-container h-column__content h-column__v-align flex-basis-auto align-self-lg-start align-self-md-start align-self-start\">\n                          <!---->\n                          <div data-colibri-id=\"1590-c15\" class=\"d-block style-971 style-local-1590-c15 position-relative h-element\">\n                            <!---->\n                            <div class=\"h-image__frame-container-outer\">\n                              <div class=\"h-image__frame-container\">\n                                <!---->\n                                <!---->\n                                <img decoding=\"async\" src=\"https:\/\/generationdeclic.net\/generationdeclic_website\/wp-content\/uploads\/2025\/11\/colibri-image-177.png\" class=\"wp-image-198 style-971-image style-local-1590-c15-image\" alt=\"\" \/>\n                                <div class=\"h-image__frame h-hide-lg h-hide-md h-hide-sm style-971-frameImage style-local-1590-c15-frameImage\"><\/div>\n                              <\/div>\n                            <\/div>\n                          <\/div>\n                        <\/div>\n                      <\/div>\n                    <\/div>\n                    <div class=\"h-column h-column-container d-flex h-col-lg h-col-md h-col-auto style-972-outer style-local-1590-c16-outer\">\n                      <div data-colibri-id=\"1590-c16\" class=\"d-flex h-flex-basis h-column__inner h-px-lg-2 h-px-md-2 h-px-2 v-inner-lg-2 v-inner-md-2 v-inner-2 style-972 style-local-1590-c16 position-relative\">\n                        <!---->\n                        <!---->\n                        <div class=\"w-100 h-y-container h-column__content h-column__v-align flex-basis-100 align-self-lg-start align-self-md-start align-self-start\">\n                          <!---->\n                          <div data-colibri-id=\"1590-c17\" class=\"style-973 style-local-1590-c17 position-relative h-element\">\n                            <!---->\n                            <div class=\"h-global-transition-all h-global-transition h-global-transition-all h-contact-form-shortcode\">\n<div class=\"wpcf7 no-js\" id=\"wpcf7-f2125-o1\" lang=\"en-US\" dir=\"ltr\" data-wpcf7-id=\"2125\">\n<div class=\"screen-reader-response\"><p role=\"status\" aria-live=\"polite\" aria-atomic=\"true\"><\/p> <ul><\/ul><\/div>\n<form action=\"\/generationdeclic_website\/index.php\/wp-json\/wp\/v2\/pages\/1590#wpcf7-f2125-o1\" method=\"post\" class=\"wpcf7-form init\" aria-label=\"Contact form\" novalidate=\"novalidate\" data-status=\"init\">\n<fieldset class=\"hidden-fields-container\"><input type=\"hidden\" name=\"_wpcf7\" value=\"2125\" \/><input type=\"hidden\" name=\"_wpcf7_version\" value=\"6.1.4\" \/><input type=\"hidden\" name=\"_wpcf7_locale\" value=\"en_US\" \/><input type=\"hidden\" name=\"_wpcf7_unit_tag\" value=\"wpcf7-f2125-o1\" \/><input type=\"hidden\" name=\"_wpcf7_container_post\" value=\"0\" \/><input type=\"hidden\" name=\"_wpcf7_posted_data_hash\" value=\"\" \/>\n<\/fieldset>\n<p><label> Votre nom et votre pr\u00e9nom (requis)<br \/>\n<span class=\"wpcf7-form-control-wrap\" data-name=\"your-name\"><input size=\"40\" maxlength=\"400\" class=\"wpcf7-form-control wpcf7-text wpcf7-validates-as-required\" aria-required=\"true\" aria-invalid=\"false\" value=\"\" type=\"text\" name=\"your-name\" \/><\/span> <\/label>\n<\/p>\n<p><label> Votre Email (requis)<br \/>\n<span class=\"wpcf7-form-control-wrap\" data-name=\"your-email\"><input size=\"40\" maxlength=\"400\" class=\"wpcf7-form-control wpcf7-email wpcf7-validates-as-required wpcf7-text wpcf7-validates-as-email\" aria-required=\"true\" aria-invalid=\"false\" value=\"\" type=\"email\" name=\"your-email\" \/><\/span> <\/label>\n<\/p>\n<p><label> Objet de votre Message (requis)<br \/>\n<span class=\"wpcf7-form-control-wrap\" data-name=\"your-subject\"><input size=\"40\" maxlength=\"400\" class=\"wpcf7-form-control wpcf7-text wpcf7-validates-as-required\" aria-required=\"true\" aria-invalid=\"false\" value=\"\" type=\"text\" name=\"your-subject\" \/><\/span> <\/label>\n<\/p>\n<p><label> Votre Message (requis)<br \/>\n<span class=\"wpcf7-form-control-wrap\" data-name=\"your-message\"><textarea cols=\"40\" rows=\"10\" maxlength=\"2000\" class=\"wpcf7-form-control wpcf7-textarea wpcf7-validates-as-required\" aria-required=\"true\" aria-invalid=\"false\" name=\"your-message\"><\/textarea><\/span> <\/label>\n<\/p>\n<p><input class=\"wpcf7-form-control wpcf7-submit has-spinner\" type=\"submit\" value=\"Send\" \/>\n<\/p><div class=\"wpcf7-response-output\" aria-hidden=\"true\"><\/div>\n<\/form>\n<\/div>\n<\/div>\n                          <\/div>\n                        <\/div>\n                      <\/div>\n                    <\/div>\n                  <\/div>\n                <\/div>\n              <\/div>\n            <\/div>\n          <\/div>\n        <\/div>\n      <\/div>\n    <\/div>\n  <\/div>\n<\/div>","protected":false},"excerpt":{"rendered":"<p>Chez GenerationDeclic.NET, nous sommes \u00e0 votre \u00e9coute pour \u00e9changer, vous accompagner ou collaborer. Que vous soyez un particulier, une \u00e9cole, une association ou une entreprise, n\u2019h\u00e9sitez pas \u00e0 nous contacter via ce formulaire. Ensemble, faisons des sciences et du num\u00e9rique un levier d\u2019inclusion, d\u2019\u00e9ducation et d\u2019innovation pour tous.<\/p>\n","protected":false},"author":1,"featured_media":0,"parent":0,"menu_order":0,"comment_status":"closed","ping_status":"closed","template":"page-templates\/full-width-page.php","meta":{"footnotes":""},"class_list":["post-1590","page","type-page","status-publish","hentry"],"yoast_head":"<!-- This site is optimized with the Yoast SEO plugin v27.2 - https:\/\/yoast.com\/product\/yoast-seo-wordpress\/ -->\n<title>Contact - GenerationDeclic.NET<\/title>\n<meta name=\"robots\" content=\"index, follow, max-snippet:-1, max-image-preview:large, max-video-preview:-1\" \/>\n<link rel=\"canonical\" href=\"https:\/\/generationdeclic.net\/generationdeclic_website\/index.php\/contact\/\" \/>\n<meta property=\"og:locale\" content=\"fr_FR\" \/>\n<meta property=\"og:type\" content=\"article\" \/>\n<meta property=\"og:title\" content=\"Contact - GenerationDeclic.NET\" \/>\n<meta property=\"og:description\" content=\"Chez GenerationDeclic.NET, nous sommes \u00e0 votre \u00e9coute pour \u00e9changer, vous accompagner ou collaborer. Que vous soyez un particulier, une \u00e9cole, une association ou une entreprise, n\u2019h\u00e9sitez pas \u00e0 nous contacter via ce formulaire. Ensemble, faisons des sciences et du num\u00e9rique un levier d\u2019inclusion, d\u2019\u00e9ducation et d\u2019innovation pour tous.\" \/>\n<meta property=\"og:url\" content=\"https:\/\/generationdeclic.net\/generationdeclic_website\/index.php\/contact\/\" \/>\n<meta property=\"og:site_name\" content=\"GenerationDeclic.NET\" \/>\n<meta property=\"article:modified_time\" content=\"2025-11-08T16:53:12+00:00\" \/>\n<meta property=\"og:image\" content=\"https:\/\/generationdeclic.net\/generationdeclic_website\/wp-content\/uploads\/2025\/11\/colibri-image-177.png\" \/>\n<meta name=\"twitter:card\" content=\"summary_large_image\" \/>\n<script type=\"application\/ld+json\" class=\"yoast-schema-graph\">{\"@context\":\"https:\/\/schema.org\",\"@graph\":[{\"@type\":\"WebPage\",\"@id\":\"https:\/\/generationdeclic.net\/generationdeclic_website\/index.php\/contact\/\",\"url\":\"https:\/\/generationdeclic.net\/generationdeclic_website\/index.php\/contact\/\",\"name\":\"Contact - GenerationDeclic.NET\",\"isPartOf\":{\"@id\":\"https:\/\/generationdeclic.net\/generationdeclic_website\/#website\"},\"primaryImageOfPage\":{\"@id\":\"https:\/\/generationdeclic.net\/generationdeclic_website\/index.php\/contact\/#primaryimage\"},\"image\":{\"@id\":\"https:\/\/generationdeclic.net\/generationdeclic_website\/index.php\/contact\/#primaryimage\"},\"thumbnailUrl\":\"https:\/\/generationdeclic.net\/generationdeclic_website\/wp-content\/uploads\/2025\/11\/colibri-image-177.png\",\"datePublished\":\"2019-09-02T15:10:38+00:00\",\"dateModified\":\"2025-11-08T16:53:12+00:00\",\"breadcrumb\":{\"@id\":\"https:\/\/generationdeclic.net\/generationdeclic_website\/index.php\/contact\/#breadcrumb\"},\"inLanguage\":\"fr-FR\",\"potentialAction\":[{\"@type\":\"ReadAction\",\"target\":[\"https:\/\/generationdeclic.net\/generationdeclic_website\/index.php\/contact\/\"]}]},{\"@type\":\"ImageObject\",\"inLanguage\":\"fr-FR\",\"@id\":\"https:\/\/generationdeclic.net\/generationdeclic_website\/index.php\/contact\/#primaryimage\",\"url\":\"\",\"contentUrl\":\"\"},{\"@type\":\"BreadcrumbList\",\"@id\":\"https:\/\/generationdeclic.net\/generationdeclic_website\/index.php\/contact\/#breadcrumb\",\"itemListElement\":[{\"@type\":\"ListItem\",\"position\":1,\"name\":\"Accueil\",\"item\":\"https:\/\/generationdeclic.net\/generationdeclic_website\/\"},{\"@type\":\"ListItem\",\"position\":2,\"name\":\"Contact\"}]},{\"@type\":\"WebSite\",\"@id\":\"https:\/\/generationdeclic.net\/generationdeclic_website\/#website\",\"url\":\"https:\/\/generationdeclic.net\/generationdeclic_website\/\",\"name\":\"GenerationDeclic.NET\",\"description\":\"\",\"publisher\":{\"@id\":\"https:\/\/generationdeclic.net\/generationdeclic_website\/#organization\"},\"potentialAction\":[{\"@type\":\"SearchAction\",\"target\":{\"@type\":\"EntryPoint\",\"urlTemplate\":\"https:\/\/generationdeclic.net\/generationdeclic_website\/?s={search_term_string}\"},\"query-input\":{\"@type\":\"PropertyValueSpecification\",\"valueRequired\":true,\"valueName\":\"search_term_string\"}}],\"inLanguage\":\"fr-FR\"},{\"@type\":\"Organization\",\"@id\":\"https:\/\/generationdeclic.net\/generationdeclic_website\/#organization\",\"name\":\"GenerationDeclic.NET\",\"url\":\"https:\/\/generationdeclic.net\/generationdeclic_website\/\",\"logo\":{\"@type\":\"ImageObject\",\"inLanguage\":\"fr-FR\",\"@id\":\"https:\/\/generationdeclic.net\/generationdeclic_website\/#\/schema\/logo\/image\/\",\"url\":\"https:\/\/generationdeclic.net\/generationdeclic_website\/wp-content\/uploads\/2025\/11\/logo_generationdeclicnet-horizontal-scaled.png\",\"contentUrl\":\"https:\/\/generationdeclic.net\/generationdeclic_website\/wp-content\/uploads\/2025\/11\/logo_generationdeclicnet-horizontal-scaled.png\",\"width\":2560,\"height\":628,\"caption\":\"GenerationDeclic.NET\"},\"image\":{\"@id\":\"https:\/\/generationdeclic.net\/generationdeclic_website\/#\/schema\/logo\/image\/\"}}]}<\/script>\n<!-- \/ Yoast SEO plugin. -->","yoast_head_json":{"title":"Contact - GenerationDeclic.NET","robots":{"index":"index","follow":"follow","max-snippet":"max-snippet:-1","max-image-preview":"max-image-preview:large","max-video-preview":"max-video-preview:-1"},"canonical":"https:\/\/generationdeclic.net\/generationdeclic_website\/index.php\/contact\/","og_locale":"fr_FR","og_type":"article","og_title":"Contact - GenerationDeclic.NET","og_description":"Chez GenerationDeclic.NET, nous sommes \u00e0 votre \u00e9coute pour \u00e9changer, vous accompagner ou collaborer. Que vous soyez un particulier, une \u00e9cole, une association ou une entreprise, n\u2019h\u00e9sitez pas \u00e0 nous contacter via ce formulaire. Ensemble, faisons des sciences et du num\u00e9rique un levier d\u2019inclusion, d\u2019\u00e9ducation et d\u2019innovation pour tous.","og_url":"https:\/\/generationdeclic.net\/generationdeclic_website\/index.php\/contact\/","og_site_name":"GenerationDeclic.NET","article_modified_time":"2025-11-08T16:53:12+00:00","og_image":[{"url":"https:\/\/generationdeclic.net\/generationdeclic_website\/wp-content\/uploads\/2025\/11\/colibri-image-177.png","type":"","width":"","height":""}],"twitter_card":"summary_large_image","schema":{"@context":"https:\/\/schema.org","@graph":[{"@type":"WebPage","@id":"https:\/\/generationdeclic.net\/generationdeclic_website\/index.php\/contact\/","url":"https:\/\/generationdeclic.net\/generationdeclic_website\/index.php\/contact\/","name":"Contact - GenerationDeclic.NET","isPartOf":{"@id":"https:\/\/generationdeclic.net\/generationdeclic_website\/#website"},"primaryImageOfPage":{"@id":"https:\/\/generationdeclic.net\/generationdeclic_website\/index.php\/contact\/#primaryimage"},"image":{"@id":"https:\/\/generationdeclic.net\/generationdeclic_website\/index.php\/contact\/#primaryimage"},"thumbnailUrl":"https:\/\/generationdeclic.net\/generationdeclic_website\/wp-content\/uploads\/2025\/11\/colibri-image-177.png","datePublished":"2019-09-02T15:10:38+00:00","dateModified":"2025-11-08T16:53:12+00:00","breadcrumb":{"@id":"https:\/\/generationdeclic.net\/generationdeclic_website\/index.php\/contact\/#breadcrumb"},"inLanguage":"fr-FR","potentialAction":[{"@type":"ReadAction","target":["https:\/\/generationdeclic.net\/generationdeclic_website\/index.php\/contact\/"]}]},{"@type":"ImageObject","inLanguage":"fr-FR","@id":"https:\/\/generationdeclic.net\/generationdeclic_website\/index.php\/contact\/#primaryimage","url":"","contentUrl":""},{"@type":"BreadcrumbList","@id":"https:\/\/generationdeclic.net\/generationdeclic_website\/index.php\/contact\/#breadcrumb","itemListElement":[{"@type":"ListItem","position":1,"name":"Accueil","item":"https:\/\/generationdeclic.net\/generationdeclic_website\/"},{"@type":"ListItem","position":2,"name":"Contact"}]},{"@type":"WebSite","@id":"https:\/\/generationdeclic.net\/generationdeclic_website\/#website","url":"https:\/\/generationdeclic.net\/generationdeclic_website\/","name":"GenerationDeclic.NET","description":"","publisher":{"@id":"https:\/\/generationdeclic.net\/generationdeclic_website\/#organization"},"potentialAction":[{"@type":"SearchAction","target":{"@type":"EntryPoint","urlTemplate":"https:\/\/generationdeclic.net\/generationdeclic_website\/?s={search_term_string}"},"query-input":{"@type":"PropertyValueSpecification","valueRequired":true,"valueName":"search_term_string"}}],"inLanguage":"fr-FR"},{"@type":"Organization","@id":"https:\/\/generationdeclic.net\/generationdeclic_website\/#organization","name":"GenerationDeclic.NET","url":"https:\/\/generationdeclic.net\/generationdeclic_website\/","logo":{"@type":"ImageObject","inLanguage":"fr-FR","@id":"https:\/\/generationdeclic.net\/generationdeclic_website\/#\/schema\/logo\/image\/","url":"https:\/\/generationdeclic.net\/generationdeclic_website\/wp-content\/uploads\/2025\/11\/logo_generationdeclicnet-horizontal-scaled.png","contentUrl":"https:\/\/generationdeclic.net\/generationdeclic_website\/wp-content\/uploads\/2025\/11\/logo_generationdeclicnet-horizontal-scaled.png","width":2560,"height":628,"caption":"GenerationDeclic.NET"},"image":{"@id":"https:\/\/generationdeclic.net\/generationdeclic_website\/#\/schema\/logo\/image\/"}}]}},"_links":{"self":[{"href":"https:\/\/generationdeclic.net\/generationdeclic_website\/index.php\/wp-json\/wp\/v2\/pages\/1590","targetHints":{"allow":["GET"]}}],"collection":[{"href":"https:\/\/generationdeclic.net\/generationdeclic_website\/index.php\/wp-json\/wp\/v2\/pages"}],"about":[{"href":"https:\/\/generationdeclic.net\/generationdeclic_website\/index.php\/wp-json\/wp\/v2\/types\/page"}],"author":[{"embeddable":true,"href":"https:\/\/generationdeclic.net\/generationdeclic_website\/index.php\/wp-json\/wp\/v2\/users\/1"}],"replies":[{"embeddable":true,"href":"https:\/\/generationdeclic.net\/generationdeclic_website\/index.php\/wp-json\/wp\/v2\/comments?post=1590"}],"version-history":[{"count":10,"href":"https:\/\/generationdeclic.net\/generationdeclic_website\/index.php\/wp-json\/wp\/v2\/pages\/1590\/revisions"}],"predecessor-version":[{"id":3347,"href":"https:\/\/generationdeclic.net\/generationdeclic_website\/index.php\/wp-json\/wp\/v2\/pages\/1590\/revisions\/3347"}],"wp:attachment":[{"href":"https:\/\/generationdeclic.net\/generationdeclic_website\/index.php\/wp-json\/wp\/v2\/media?parent=1590"}],"curies":[{"name":"wp","href":"https:\/\/api.w.org\/{rel}","templated":true}]}}